{"id":74,"date":"2025-07-10T18:02:32","date_gmt":"2025-07-10T16:02:32","guid":{"rendered":"http:\/\/ju2citron.com\/web\/?page_id=74"},"modified":"2025-08-07T09:14:18","modified_gmt":"2025-08-07T07:14:18","slug":"print","status":"publish","type":"page","link":"http:\/\/ju2citron.com\/web\/?page_id=74","title":{"rendered":"Print"},"content":{"rendered":"\n<p>Je prends en main la cr\u00e9ation et la production de vos besoins en impression, du brief initial jusqu&rsquo;au pilotage de l&rsquo;impression aupr\u00e8s de l&rsquo;imprimeur de votre choix. <\/p>\n\n\n\n<p>Voici quelques exemples de travaux print r\u00e9cents <\/p>\n\n\n\n<div class=\"wp-block-group is-layout-flow wp-block-group-is-layout-flow\">\n<figure class=\"wp-block-image size-full\"><img loading=\"lazy\" decoding=\"async\" width=\"760\" height=\"475\" src=\"https:\/\/ju2citron.com\/web\/wp-content\/uploads\/FlyersYogo0725.jpg\" alt=\"\" class=\"wp-image-107\" srcset=\"http:\/\/ju2citron.com\/web\/wp-content\/uploads\/FlyersYogo0725.jpg 760w, http:\/\/ju2citron.com\/web\/wp-content\/uploads\/FlyersYogo0725-300x188.jpg 300w, http:\/\/ju2citron.com\/web\/wp-content\/uploads\/FlyersYogo0725-100x63.jpg 100w, http:\/\/ju2citron.com\/web\/wp-content\/uploads\/FlyersYogo0725-150x94.jpg 150w, http:\/\/ju2citron.com\/web\/wp-content\/uploads\/FlyersYogo0725-200x125.jpg 200w, http:\/\/ju2citron.com\/web\/wp-content\/uploads\/FlyersYogo0725-450x281.jpg 450w, http:\/\/ju2citron.com\/web\/wp-content\/uploads\/FlyersYogo0725-600x375.jpg 600w\" sizes=\"auto, (max-width: 760px) 100vw, 760px\" \/><figcaption class=\"wp-element-caption\">Flyers &#8211; Harmonie chemins du yoga &#8211; juillet 2025<\/figcaption><\/figure>\n\n\n\n<figure class=\"wp-block-image size-full\"><img loading=\"lazy\" decoding=\"async\" width=\"760\" height=\"475\" src=\"http:\/\/ju2citron.com\/web\/wp-content\/uploads\/rollupsEufab.jpg\" alt=\"\" class=\"wp-image-79\" srcset=\"http:\/\/ju2citron.com\/web\/wp-content\/uploads\/rollupsEufab.jpg 760w, http:\/\/ju2citron.com\/web\/wp-content\/uploads\/rollupsEufab-300x188.jpg 300w\" sizes=\"auto, (max-width: 760px) 100vw, 760px\" \/><figcaption class=\"wp-element-caption\">Roll Ups &#8211; D\u00e9clinaison \u00e0 partir du catalogue &#8211; Design, ex\u00e9cution, suivi production &#8211; 2025<\/figcaption><\/figure>\n\n\n\n<figure class=\"wp-block-image size-full\"><img loading=\"lazy\" decoding=\"async\" width=\"760\" height=\"475\" src=\"http:\/\/ju2citron.com\/web\/wp-content\/uploads\/catalogueEufab-1.jpg\" alt=\"\" class=\"wp-image-80\" srcset=\"http:\/\/ju2citron.com\/web\/wp-content\/uploads\/catalogueEufab-1.jpg 760w, http:\/\/ju2citron.com\/web\/wp-content\/uploads\/catalogueEufab-1-300x188.jpg 300w\" sizes=\"auto, (max-width: 760px) 100vw, 760px\" \/><figcaption class=\"wp-element-caption\">Catalogue &#8211; R\u00e9alisation de la version FR &#8211; Traduction et modifications &#8211; Gestion de l&rsquo;impression &#8211; 2025<\/figcaption><\/figure>\n\n\n\n<figure class=\"wp-block-image size-full\"><img loading=\"lazy\" decoding=\"async\" width=\"760\" height=\"475\" src=\"http:\/\/ju2citron.com\/web\/wp-content\/uploads\/bannieresCookvision.jpg\" alt=\"\" class=\"wp-image-82\" srcset=\"http:\/\/ju2citron.com\/web\/wp-content\/uploads\/bannieresCookvision.jpg 760w, http:\/\/ju2citron.com\/web\/wp-content\/uploads\/bannieresCookvision-300x188.jpg 300w\" sizes=\"auto, (max-width: 760px) 100vw, 760px\" \/><figcaption class=\"wp-element-caption\">Banni\u00e8res  490&#215;40 &#8211;  Design, ex\u00e9cution, suivi production &#8211; Gestion de l&rsquo;impression &#8211; 2024<\/figcaption><\/figure>\n\n\n\n<figure class=\"wp-block-image size-full is-resized\"><img loading=\"lazy\" decoding=\"async\" width=\"760\" height=\"475\" src=\"http:\/\/ju2citron.com\/web\/wp-content\/uploads\/comptoirsCookvision.jpg\" alt=\"\" class=\"wp-image-84\" style=\"width:798px;height:auto\" srcset=\"http:\/\/ju2citron.com\/web\/wp-content\/uploads\/comptoirsCookvision.jpg 760w, http:\/\/ju2citron.com\/web\/wp-content\/uploads\/comptoirsCookvision-300x188.jpg 300w\" sizes=\"auto, (max-width: 760px) 100vw, 760px\" \/><figcaption class=\"wp-element-caption\">Comptoirs &#8211; Design, ex\u00e9cution, suivi production &#8211; 2024<\/figcaption><\/figure>\n\n\n\n<figure class=\"wp-block-image size-full\"><img loading=\"lazy\" decoding=\"async\" width=\"760\" height=\"475\" src=\"http:\/\/ju2citron.com\/web\/wp-content\/uploads\/HabileCarnetTresUtile-2021.jpg\" alt=\"\" class=\"wp-image-117\" srcset=\"http:\/\/ju2citron.com\/web\/wp-content\/uploads\/HabileCarnetTresUtile-2021.jpg 760w, http:\/\/ju2citron.com\/web\/wp-content\/uploads\/HabileCarnetTresUtile-2021-300x188.jpg 300w, http:\/\/ju2citron.com\/web\/wp-content\/uploads\/HabileCarnetTresUtile-2021-100x63.jpg 100w, http:\/\/ju2citron.com\/web\/wp-content\/uploads\/HabileCarnetTresUtile-2021-150x94.jpg 150w, http:\/\/ju2citron.com\/web\/wp-content\/uploads\/HabileCarnetTresUtile-2021-200x125.jpg 200w, http:\/\/ju2citron.com\/web\/wp-content\/uploads\/HabileCarnetTresUtile-2021-450x281.jpg 450w, http:\/\/ju2citron.com\/web\/wp-content\/uploads\/HabileCarnetTresUtile-2021-600x375.jpg 600w\" sizes=\"auto, (max-width: 760px) 100vw, 760px\" \/><figcaption class=\"wp-element-caption\">Carnet &#8211; Cr\u00e9ation couverture &#8211; Habile Conseil &#8211; 2021<\/figcaption><\/figure>\n\n\n\n<figure class=\"wp-block-image size-full\"><img loading=\"lazy\" decoding=\"async\" width=\"760\" height=\"475\" src=\"http:\/\/ju2citron.com\/web\/wp-content\/uploads\/HabileIndieFresh2015-760x525-1.jpg\" alt=\"\" class=\"wp-image-116\" srcset=\"http:\/\/ju2citron.com\/web\/wp-content\/uploads\/HabileIndieFresh2015-760x525-1.jpg 760w, http:\/\/ju2citron.com\/web\/wp-content\/uploads\/HabileIndieFresh2015-760x525-1-300x188.jpg 300w, http:\/\/ju2citron.com\/web\/wp-content\/uploads\/HabileIndieFresh2015-760x525-1-100x63.jpg 100w, http:\/\/ju2citron.com\/web\/wp-content\/uploads\/HabileIndieFresh2015-760x525-1-150x94.jpg 150w, http:\/\/ju2citron.com\/web\/wp-content\/uploads\/HabileIndieFresh2015-760x525-1-200x125.jpg 200w, http:\/\/ju2citron.com\/web\/wp-content\/uploads\/HabileIndieFresh2015-760x525-1-450x281.jpg 450w, http:\/\/ju2citron.com\/web\/wp-content\/uploads\/HabileIndieFresh2015-760x525-1-600x375.jpg 600w\" sizes=\"auto, (max-width: 760px) 100vw, 760px\" \/><figcaption class=\"wp-element-caption\">Papeterie positive &#8211; Gamme IndieFresh &#8211; Habile Conseil &#8211; 2015 \u00e0 2020<\/figcaption><\/figure>\n\n\n\n<div class=\"wp-block-group is-layout-flow wp-block-group-is-layout-flow\"><\/div>\n<\/div>\n\n\n\n<p><\/p>\n\n\n\n<figure class=\"wp-block-image size-full\"><img loading=\"lazy\" decoding=\"async\" width=\"760\" height=\"475\" src=\"http:\/\/ju2citron.com\/web\/wp-content\/uploads\/HabileArtyDeco2015-760x525-1.jpg\" alt=\"\" class=\"wp-image-118\" srcset=\"http:\/\/ju2citron.com\/web\/wp-content\/uploads\/HabileArtyDeco2015-760x525-1.jpg 760w, http:\/\/ju2citron.com\/web\/wp-content\/uploads\/HabileArtyDeco2015-760x525-1-300x188.jpg 300w, http:\/\/ju2citron.com\/web\/wp-content\/uploads\/HabileArtyDeco2015-760x525-1-100x63.jpg 100w, http:\/\/ju2citron.com\/web\/wp-content\/uploads\/HabileArtyDeco2015-760x525-1-150x94.jpg 150w, http:\/\/ju2citron.com\/web\/wp-content\/uploads\/HabileArtyDeco2015-760x525-1-200x125.jpg 200w, http:\/\/ju2citron.com\/web\/wp-content\/uploads\/HabileArtyDeco2015-760x525-1-450x281.jpg 450w, http:\/\/ju2citron.com\/web\/wp-content\/uploads\/HabileArtyDeco2015-760x525-1-600x375.jpg 600w\" sizes=\"auto, (max-width: 760px) 100vw, 760px\" \/><figcaption class=\"wp-element-caption\">Papeterie positive &#8211; Gamme ArtyDeco &#8211; Habile Conseil &#8211; 2015 \u00e0 2020<\/figcaption><\/figure>\n\n\n\n<figure class=\"wp-block-image size-full\"><img loading=\"lazy\" decoding=\"async\" width=\"760\" height=\"475\" src=\"http:\/\/ju2citron.com\/web\/wp-content\/uploads\/HabileColorChic2014-760x525-1.jpg\" alt=\"\" class=\"wp-image-119\" srcset=\"http:\/\/ju2citron.com\/web\/wp-content\/uploads\/HabileColorChic2014-760x525-1.jpg 760w, http:\/\/ju2citron.com\/web\/wp-content\/uploads\/HabileColorChic2014-760x525-1-300x188.jpg 300w, http:\/\/ju2citron.com\/web\/wp-content\/uploads\/HabileColorChic2014-760x525-1-100x63.jpg 100w, http:\/\/ju2citron.com\/web\/wp-content\/uploads\/HabileColorChic2014-760x525-1-150x94.jpg 150w, http:\/\/ju2citron.com\/web\/wp-content\/uploads\/HabileColorChic2014-760x525-1-200x125.jpg 200w, http:\/\/ju2citron.com\/web\/wp-content\/uploads\/HabileColorChic2014-760x525-1-450x281.jpg 450w, http:\/\/ju2citron.com\/web\/wp-content\/uploads\/HabileColorChic2014-760x525-1-600x375.jpg 600w\" sizes=\"auto, (max-width: 760px) 100vw, 760px\" \/><figcaption class=\"wp-element-caption\">Papeterie positive &#8211; Gamme ColorChic &#8211; Habile Conseil &#8211; 2015 <\/figcaption><\/figure>\n\n\n\n<figure class=\"wp-block-image size-full\"><img loading=\"lazy\" decoding=\"async\" width=\"760\" height=\"475\" src=\"http:\/\/ju2citron.com\/web\/wp-content\/uploads\/HabileLogo2012-760x525-1.jpg\" alt=\"\" class=\"wp-image-120\" srcset=\"http:\/\/ju2citron.com\/web\/wp-content\/uploads\/HabileLogo2012-760x525-1.jpg 760w, http:\/\/ju2citron.com\/web\/wp-content\/uploads\/HabileLogo2012-760x525-1-300x188.jpg 300w, http:\/\/ju2citron.com\/web\/wp-content\/uploads\/HabileLogo2012-760x525-1-100x63.jpg 100w, http:\/\/ju2citron.com\/web\/wp-content\/uploads\/HabileLogo2012-760x525-1-150x94.jpg 150w, http:\/\/ju2citron.com\/web\/wp-content\/uploads\/HabileLogo2012-760x525-1-200x125.jpg 200w, http:\/\/ju2citron.com\/web\/wp-content\/uploads\/HabileLogo2012-760x525-1-450x281.jpg 450w, http:\/\/ju2citron.com\/web\/wp-content\/uploads\/HabileLogo2012-760x525-1-600x375.jpg 600w\" sizes=\"auto, (max-width: 760px) 100vw, 760px\" \/><figcaption class=\"wp-element-caption\">Logo &#8211; Charte graphique &#8211; Habile Conseil &#8211; 2012<\/figcaption><\/figure>\n","protected":false},"excerpt":{"rendered":"<p>Je prends en main la cr\u00e9ation et la production de vos besoins en impression, du brief initial jusqu&rsquo;au pilotage de l&rsquo;impression aupr\u00e8s de l&rsquo;imprimeur de votre choix. Voici quelques exemples de travaux print r\u00e9cents<\/p>\n","protected":false},"author":1,"featured_media":0,"parent":0,"menu_order":0,"comment_status":"closed","ping_status":"closed","template":"","meta":{"footnotes":""},"class_list":["post-74","page","type-page","status-publish","hentry"],"_links":{"self":[{"href":"http:\/\/ju2citron.com\/web\/index.php?rest_route=\/wp\/v2\/pages\/74","targetHints":{"allow":["GET"]}}],"collection":[{"href":"http:\/\/ju2citron.com\/web\/index.php?rest_route=\/wp\/v2\/pages"}],"about":[{"href":"http:\/\/ju2citron.com\/web\/index.php?rest_route=\/wp\/v2\/types\/page"}],"author":[{"embeddable":true,"href":"http:\/\/ju2citron.com\/web\/index.php?rest_route=\/wp\/v2\/users\/1"}],"replies":[{"embeddable":true,"href":"http:\/\/ju2citron.com\/web\/index.php?rest_route=%2Fwp%2Fv2%2Fcomments&post=74"}],"version-history":[{"count":10,"href":"http:\/\/ju2citron.com\/web\/index.php?rest_route=\/wp\/v2\/pages\/74\/revisions"}],"predecessor-version":[{"id":123,"href":"http:\/\/ju2citron.com\/web\/index.php?rest_route=\/wp\/v2\/pages\/74\/revisions\/123"}],"wp:attachment":[{"href":"http:\/\/ju2citron.com\/web\/index.php?rest_route=%2Fwp%2Fv2%2Fmedia&parent=74"}],"curies":[{"name":"wp","href":"https:\/\/api.w.org\/{rel}","templated":true}]}}