{"id":6,"date":"2022-03-25T17:44:53","date_gmt":"2022-03-25T16:44:53","guid":{"rendered":"http:\/\/ju2citron.com\/web\/?page_id=6"},"modified":"2025-08-07T09:15:08","modified_gmt":"2025-08-07T07:15:08","slug":"home","status":"publish","type":"page","link":"http:\/\/ju2citron.com\/web\/","title":{"rendered":"Web"},"content":{"rendered":"\n<p>Forte de 25 ans d&rsquo;exp\u00e9rience, je donne corps \u00e0 vos besoins, site custom, d\u00e9clinaison WordPress ou design graphique de votre boutique Shopify.<\/p>\n\n\n\n<p>Voici quelques r\u00e9f\u00e9rences web r\u00e9centes<\/p>\n\n\n\n<div class=\"wp-block-group is-layout-flow wp-block-group-is-layout-flow\">\n<figure class=\"wp-block-image size-full\"><a href=\"https:\/\/dryiceenergy.fr\/\" target=\"_blank\" rel=\"noopener\"><img loading=\"lazy\" decoding=\"async\" width=\"760\" height=\"475\" src=\"http:\/\/ju2citron.com\/web\/wp-content\/uploads\/die-refActives-760x475-1.jpg\" alt=\"\" class=\"wp-image-63\" srcset=\"http:\/\/ju2citron.com\/web\/wp-content\/uploads\/die-refActives-760x475-1.jpg 760w, http:\/\/ju2citron.com\/web\/wp-content\/uploads\/die-refActives-760x475-1-300x188.jpg 300w\" sizes=\"auto, (max-width: 760px) 100vw, 760px\" \/><\/a><figcaption class=\"wp-element-caption\">Dry Ice Energy -Site web &#8211; Shopify &#8211; 2025<\/figcaption><\/figure>\n\n\n\n<figure class=\"wp-block-image size-full\"><a href=\"https:\/\/eufab.fr\/\"><img loading=\"lazy\" decoding=\"async\" width=\"760\" height=\"475\" src=\"http:\/\/ju2citron.com\/web\/wp-content\/uploads\/eufab-refActives-760x475-1.jpg\" alt=\"\" class=\"wp-image-65\" srcset=\"http:\/\/ju2citron.com\/web\/wp-content\/uploads\/eufab-refActives-760x475-1.jpg 760w, http:\/\/ju2citron.com\/web\/wp-content\/uploads\/eufab-refActives-760x475-1-300x188.jpg 300w\" sizes=\"auto, (max-width: 760px) 100vw, 760px\" \/><\/a><figcaption class=\"wp-element-caption\">Eufab France &#8211; Site web &#8211; Shopify &#8211; 2025<\/figcaption><\/figure>\n\n\n\n<figure class=\"wp-block-image size-full\"><a href=\"https:\/\/cookvision.fr\/\"><img loading=\"lazy\" decoding=\"async\" width=\"760\" height=\"475\" src=\"http:\/\/ju2citron.com\/web\/wp-content\/uploads\/cookvisiont-refActives-760x475-1.jpg\" alt=\"\" class=\"wp-image-69\" srcset=\"http:\/\/ju2citron.com\/web\/wp-content\/uploads\/cookvisiont-refActives-760x475-1.jpg 760w, http:\/\/ju2citron.com\/web\/wp-content\/uploads\/cookvisiont-refActives-760x475-1-300x188.jpg 300w\" sizes=\"auto, (max-width: 760px) 100vw, 760px\" \/><\/a><figcaption class=\"wp-element-caption\">Cook Vision France &#8211; Site web &#8211; Shopify &#8211; 2025<\/figcaption><\/figure>\n\n\n\n<figure class=\"wp-block-image size-full\"><a href=\"https:\/\/www.thats-it.fr\/\"><img loading=\"lazy\" decoding=\"async\" width=\"760\" height=\"475\" src=\"http:\/\/ju2citron.com\/web\/wp-content\/uploads\/thatsit-refActives-760x475-1.jpg\" alt=\"\" class=\"wp-image-67\" srcset=\"http:\/\/ju2citron.com\/web\/wp-content\/uploads\/thatsit-refActives-760x475-1.jpg 760w, http:\/\/ju2citron.com\/web\/wp-content\/uploads\/thatsit-refActives-760x475-1-300x188.jpg 300w\" sizes=\"auto, (max-width: 760px) 100vw, 760px\" \/><\/a><figcaption class=\"wp-element-caption\">That&rsquo;s It France &#8211; Site web &#8211; WordPress &#8211; 2024<\/figcaption><\/figure>\n\n\n\n<div class=\"wp-block-group is-layout-flow wp-block-group-is-layout-flow\">\n<figure class=\"wp-block-image size-full\"><a href=\"https:\/\/2020webdoc.ittecop.fr\/\"><img loading=\"lazy\" decoding=\"async\" width=\"760\" height=\"475\" src=\"http:\/\/ju2citron.com\/web\/wp-content\/uploads\/ittecop-refActives-760x475-2.jpg\" alt=\"\" class=\"wp-image-72\" srcset=\"http:\/\/ju2citron.com\/web\/wp-content\/uploads\/ittecop-refActives-760x475-2.jpg 760w, http:\/\/ju2citron.com\/web\/wp-content\/uploads\/ittecop-refActives-760x475-2-300x188.jpg 300w\" sizes=\"auto, (max-width: 760px) 100vw, 760px\" \/><\/a><figcaption class=\"wp-element-caption\">Ittecop Webdoc &#8211; Site web custom &#8211; Graphisme, int\u00e9gration maintenance &#8211; 2010 &#8211; 2020<\/figcaption><\/figure>\n<\/div>\n<\/div>\n\n\n\n<p><\/p>\n","protected":false},"excerpt":{"rendered":"<p>Forte de 25 ans d&rsquo;exp\u00e9rience, je donne corps \u00e0 vos besoins, site custom, d\u00e9clinaison WordPress ou design graphique de votre boutique Shopify. Voici quelques r\u00e9f\u00e9rences web r\u00e9centes<\/p>\n","protected":false},"author":1,"featured_media":0,"parent":0,"menu_order":0,"comment_status":"closed","ping_status":"closed","template":"","meta":{"footnotes":""},"class_list":["post-6","page","type-page","status-publish","hentry"],"_links":{"self":[{"href":"http:\/\/ju2citron.com\/web\/index.php?rest_route=\/wp\/v2\/pages\/6","targetHints":{"allow":["GET"]}}],"collection":[{"href":"http:\/\/ju2citron.com\/web\/index.php?rest_route=\/wp\/v2\/pages"}],"about":[{"href":"http:\/\/ju2citron.com\/web\/index.php?rest_route=\/wp\/v2\/types\/page"}],"author":[{"embeddable":true,"href":"http:\/\/ju2citron.com\/web\/index.php?rest_route=\/wp\/v2\/users\/1"}],"replies":[{"embeddable":true,"href":"http:\/\/ju2citron.com\/web\/index.php?rest_route=%2Fwp%2Fv2%2Fcomments&post=6"}],"version-history":[{"count":28,"href":"http:\/\/ju2citron.com\/web\/index.php?rest_route=\/wp\/v2\/pages\/6\/revisions"}],"predecessor-version":[{"id":114,"href":"http:\/\/ju2citron.com\/web\/index.php?rest_route=\/wp\/v2\/pages\/6\/revisions\/114"}],"wp:attachment":[{"href":"http:\/\/ju2citron.com\/web\/index.php?rest_route=%2Fwp%2Fv2%2Fmedia&parent=6"}],"curies":[{"name":"wp","href":"https:\/\/api.w.org\/{rel}","templated":true}]}}